{"id":138,"date":"2021-09-02T22:57:33","date_gmt":"2021-09-02T20:57:33","guid":{"rendered":"http:\/\/salinomycin.pl\/?page_id=138"},"modified":"2022-05-17T07:51:20","modified_gmt":"2022-05-17T05:51:20","slug":"kontakt","status":"publish","type":"page","link":"https:\/\/salinomycin.pl\/?page_id=138","title":{"rendered":"Kontakt"},"content":{"rendered":"<p>[et_pb_section fb_built=&#8221;1&#8243; _builder_version=&#8221;4.17.0&#8243; _module_preset=&#8221;4f71cc75-5c84-4d61-89a4-8d2644905af5&#8243; custom_padding=&#8221;25px|||||&#8221; global_colors_info=&#8221;{}&#8221;][et_pb_row _builder_version=&#8221;4.16&#8243; custom_margin=&#8221;|auto|-10px|auto||&#8221; custom_padding=&#8221;0px|||||&#8221; global_colors_info=&#8221;{}&#8221;][et_pb_column type=&#8221;4_4&#8243; _builder_version=&#8221;4.16&#8243; custom_padding=&#8221;|||&#8221; global_colors_info=&#8221;{}&#8221; custom_padding__hover=&#8221;|||&#8221;][et_pb_text _builder_version=&#8221;4.17.0&#8243; text_font=&#8221;Montserrat||||||||&#8221; text_font_size=&#8221;16px&#8221; text_line_height=&#8221;1.8em&#8221; link_font=&#8221;Montserrat|700|||||||&#8221; link_text_color=&#8221;#fa546d&#8221; link_font_size=&#8221;22px&#8221; link_line_height=&#8221;1.5em&#8221; header_font=&#8221;||||||||&#8221; header_2_font=&#8221;Montserrat|700|||||||&#8221; header_2_font_size=&#8221;40px&#8221; header_2_line_height=&#8221;1.4em&#8221; header_6_font=&#8221;Montserrat|600||on|||||&#8221; header_6_text_color=&#8221;#ffb342&#8243; header_6_font_size=&#8221;16px&#8221; header_6_letter_spacing=&#8221;2px&#8221; header_6_line_height=&#8221;1.5em&#8221; text_orientation=&#8221;center&#8221; max_width=&#8221;700px&#8221; max_width_last_edited=&#8221;off|desktop&#8221; module_alignment=&#8221;center&#8221; min_height=&#8221;171px&#8221; custom_margin=&#8221;||-139px|||&#8221; custom_padding=&#8221;21px||0px|||&#8221; header_2_font_size_tablet=&#8221;&#8221; header_2_font_size_phone=&#8221;24px&#8221; header_2_font_size_last_edited=&#8221;on|phone&#8221; global_colors_info=&#8221;{}&#8221;]<\/p>\n<h2>Kontakt<\/h2>\n<p><span style=\"color: #333333;\">Je\u015bli jeste\u015b zainteresowany cz\u0105steczk\u0105 Salinomycyny napisz do nas. Z ch\u0119ci\u0105 udzielimy informacji odno\u015bnie substancji czynnej, jej zastosowania, prowadzonych bada\u0144 i na wiele innych nurtuj\u0105cych pyta\u0144.<\/span><\/p>\n<p>&nbsp;<\/p>\n<p>&nbsp;<\/p>\n<p>&nbsp;<\/p>\n<p>[\/et_pb_text][\/et_pb_column][\/et_pb_row][\/et_pb_section][et_pb_section fb_built=&#8221;1&#8243; _builder_version=&#8221;4.16&#8243; _module_preset=&#8221;default&#8221; use_background_color_gradient=&#8221;off&#8221; global_colors_info=&#8221;{}&#8221; custom_padding=&#8221;51px||44px|||&#8221;][et_pb_row _builder_version=&#8221;4.16&#8243; _module_preset=&#8221;default&#8221; global_colors_info=&#8221;{}&#8221;][et_pb_column type=&#8221;4_4&#8243; _builder_version=&#8221;4.16&#8243; _module_preset=&#8221;default&#8221; global_colors_info=&#8221;{}&#8221;][et_pb_text _builder_version=&#8221;4.17.3&#8243; _module_preset=&#8221;default&#8221; hover_enabled=&#8221;0&#8243; sticky_enabled=&#8221;0&#8243;]<\/p>\n<h2 style=\"text-align: center;\">Napisz do nas na: poczta@salinomycin.pl<\/h2>\n<p>[\/et_pb_text][\/et_pb_column][\/et_pb_row][\/et_pb_section]<\/p>\n","protected":false},"excerpt":{"rendered":"<p>Kontakt Je\u015bli jeste\u015b zainteresowany cz\u0105steczk\u0105 Salinomycyny napisz do nas. Z ch\u0119ci\u0105 udzielimy informacji odno\u015bnie substancji czynnej, jej zastosowania, prowadzonych bada\u0144 i na wiele innych nurtuj\u0105cych pyta\u0144. &nbsp; &nbsp; &nbsp;Napisz do nas na: poczta@salinomycin.pl<\/p>\n","protected":false},"author":1,"featured_media":0,"parent":0,"menu_order":0,"comment_status":"closed","ping_status":"closed","template":"","meta":{"_et_pb_use_builder":"on","_et_pb_old_content":"","_et_gb_content_width":"","footnotes":""},"class_list":["post-138","page","type-page","status-publish","hentry"],"yoast_head":"<!-- This site is optimized with the Yoast SEO plugin v19.11 - https:\/\/yoast.com\/wordpress\/plugins\/seo\/ -->\n<title>Kontakt - Salinomycin<\/title>\n<meta name=\"robots\" content=\"index, follow, max-snippet:-1, max-image-preview:large, max-video-preview:-1\" \/>\n<link rel=\"canonical\" href=\"https:\/\/salinomycin.pl\/?page_id=138\" \/>\n<meta property=\"og:locale\" content=\"pl_PL\" \/>\n<meta property=\"og:type\" content=\"article\" \/>\n<meta property=\"og:title\" content=\"Kontakt - Salinomycin\" \/>\n<meta property=\"og:description\" content=\"Kontakt Je\u015bli jeste\u015b zainteresowany cz\u0105steczk\u0105 Salinomycyny napisz do nas. Z ch\u0119ci\u0105 udzielimy informacji odno\u015bnie substancji czynnej, jej zastosowania, prowadzonych bada\u0144 i na wiele innych nurtuj\u0105cych pyta\u0144. &nbsp; &nbsp; &nbsp;Napisz do nas na: poczta@salinomycin.pl\" \/>\n<meta property=\"og:url\" content=\"https:\/\/salinomycin.pl\/?page_id=138\" \/>\n<meta property=\"og:site_name\" content=\"Salinomycin\" \/>\n<meta property=\"article:modified_time\" content=\"2022-05-17T05:51:20+00:00\" \/>\n<meta name=\"twitter:card\" content=\"summary_large_image\" \/>\n<meta name=\"twitter:label1\" content=\"Szacowany czas czytania\" \/>\n\t<meta name=\"twitter:data1\" content=\"1 minuta\" \/>\n<script type=\"application\/ld+json\" class=\"yoast-schema-graph\">{\"@context\":\"https:\/\/schema.org\",\"@graph\":[{\"@type\":\"WebPage\",\"@id\":\"https:\/\/salinomycin.pl\/?page_id=138\",\"url\":\"https:\/\/salinomycin.pl\/?page_id=138\",\"name\":\"Kontakt - Salinomycin\",\"isPartOf\":{\"@id\":\"https:\/\/salinomycin.pl\/#website\"},\"datePublished\":\"2021-09-02T20:57:33+00:00\",\"dateModified\":\"2022-05-17T05:51:20+00:00\",\"breadcrumb\":{\"@id\":\"https:\/\/salinomycin.pl\/?page_id=138#breadcrumb\"},\"inLanguage\":\"pl-PL\",\"potentialAction\":[{\"@type\":\"ReadAction\",\"target\":[\"https:\/\/salinomycin.pl\/?page_id=138\"]}]},{\"@type\":\"BreadcrumbList\",\"@id\":\"https:\/\/salinomycin.pl\/?page_id=138#breadcrumb\",\"itemListElement\":[{\"@type\":\"ListItem\",\"position\":1,\"name\":\"Strona g\u0142\u00f3wna\",\"item\":\"https:\/\/salinomycin.pl\/\"},{\"@type\":\"ListItem\",\"position\":2,\"name\":\"Kontakt\"}]},{\"@type\":\"WebSite\",\"@id\":\"https:\/\/salinomycin.pl\/#website\",\"url\":\"https:\/\/salinomycin.pl\/\",\"name\":\"Salinomycin\",\"description\":\"Strona informacyjna dotycz\u0105ca salinomycyny\",\"potentialAction\":[{\"@type\":\"SearchAction\",\"target\":{\"@type\":\"EntryPoint\",\"urlTemplate\":\"https:\/\/salinomycin.pl\/?s={search_term_string}\"},\"query-input\":\"required name=search_term_string\"}],\"inLanguage\":\"pl-PL\"}]}<\/script>\n<!-- \/ Yoast SEO plugin. -->","yoast_head_json":{"title":"Kontakt - Salinomycin","robots":{"index":"index","follow":"follow","max-snippet":"max-snippet:-1","max-image-preview":"max-image-preview:large","max-video-preview":"max-video-preview:-1"},"canonical":"https:\/\/salinomycin.pl\/?page_id=138","og_locale":"pl_PL","og_type":"article","og_title":"Kontakt - Salinomycin","og_description":"Kontakt Je\u015bli jeste\u015b zainteresowany cz\u0105steczk\u0105 Salinomycyny napisz do nas. Z ch\u0119ci\u0105 udzielimy informacji odno\u015bnie substancji czynnej, jej zastosowania, prowadzonych bada\u0144 i na wiele innych nurtuj\u0105cych pyta\u0144. &nbsp; &nbsp; &nbsp;Napisz do nas na: poczta@salinomycin.pl","og_url":"https:\/\/salinomycin.pl\/?page_id=138","og_site_name":"Salinomycin","article_modified_time":"2022-05-17T05:51:20+00:00","twitter_card":"summary_large_image","twitter_misc":{"Szacowany czas czytania":"1 minuta"},"schema":{"@context":"https:\/\/schema.org","@graph":[{"@type":"WebPage","@id":"https:\/\/salinomycin.pl\/?page_id=138","url":"https:\/\/salinomycin.pl\/?page_id=138","name":"Kontakt - Salinomycin","isPartOf":{"@id":"https:\/\/salinomycin.pl\/#website"},"datePublished":"2021-09-02T20:57:33+00:00","dateModified":"2022-05-17T05:51:20+00:00","breadcrumb":{"@id":"https:\/\/salinomycin.pl\/?page_id=138#breadcrumb"},"inLanguage":"pl-PL","potentialAction":[{"@type":"ReadAction","target":["https:\/\/salinomycin.pl\/?page_id=138"]}]},{"@type":"BreadcrumbList","@id":"https:\/\/salinomycin.pl\/?page_id=138#breadcrumb","itemListElement":[{"@type":"ListItem","position":1,"name":"Strona g\u0142\u00f3wna","item":"https:\/\/salinomycin.pl\/"},{"@type":"ListItem","position":2,"name":"Kontakt"}]},{"@type":"WebSite","@id":"https:\/\/salinomycin.pl\/#website","url":"https:\/\/salinomycin.pl\/","name":"Salinomycin","description":"Strona informacyjna dotycz\u0105ca salinomycyny","potentialAction":[{"@type":"SearchAction","target":{"@type":"EntryPoint","urlTemplate":"https:\/\/salinomycin.pl\/?s={search_term_string}"},"query-input":"required name=search_term_string"}],"inLanguage":"pl-PL"}]}},"_links":{"self":[{"href":"https:\/\/salinomycin.pl\/index.php?rest_route=\/wp\/v2\/pages\/138","targetHints":{"allow":["GET"]}}],"collection":[{"href":"https:\/\/salinomycin.pl\/index.php?rest_route=\/wp\/v2\/pages"}],"about":[{"href":"https:\/\/salinomycin.pl\/index.php?rest_route=\/wp\/v2\/types\/page"}],"author":[{"embeddable":true,"href":"https:\/\/salinomycin.pl\/index.php?rest_route=\/wp\/v2\/users\/1"}],"replies":[{"embeddable":true,"href":"https:\/\/salinomycin.pl\/index.php?rest_route=%2Fwp%2Fv2%2Fcomments&post=138"}],"version-history":[{"count":11,"href":"https:\/\/salinomycin.pl\/index.php?rest_route=\/wp\/v2\/pages\/138\/revisions"}],"predecessor-version":[{"id":826,"href":"https:\/\/salinomycin.pl\/index.php?rest_route=\/wp\/v2\/pages\/138\/revisions\/826"}],"wp:attachment":[{"href":"https:\/\/salinomycin.pl\/index.php?rest_route=%2Fwp%2Fv2%2Fmedia&parent=138"}],"curies":[{"name":"wp","href":"https:\/\/api.w.org\/{rel}","templated":true}]}}