{"id":172,"date":"2021-09-10T10:04:42","date_gmt":"2021-09-10T08:04:42","guid":{"rendered":"http:\/\/salinomycin.pl\/?page_id=172"},"modified":"2022-05-24T12:54:37","modified_gmt":"2022-05-24T10:54:37","slug":"mechanizmy-dzialania-2","status":"publish","type":"page","link":"https:\/\/salinomycin.pl\/?page_id=172","title":{"rendered":"Mechanizmy dzia\u0142ania"},"content":{"rendered":"<p>[et_pb_section fb_built=&#8221;1&#8243; admin_label=&#8221;Services&#8221; _builder_version=&#8221;4.17.0&#8243; _module_preset=&#8221;4f71cc75-5c84-4d61-89a4-8d2644905af5&#8243; background_enable_color=&#8221;off&#8221; custom_padding=&#8221;80px||23px|||&#8221; locked=&#8221;off&#8221; global_colors_info=&#8221;{}&#8221;][et_pb_row _builder_version=&#8221;4.16&#8243; custom_padding=&#8221;0px||0px|||&#8221; global_colors_info=&#8221;{}&#8221;][et_pb_column type=&#8221;4_4&#8243; _builder_version=&#8221;4.16&#8243; custom_padding=&#8221;|||&#8221; global_colors_info=&#8221;{}&#8221; custom_padding__hover=&#8221;|||&#8221;][et_pb_text _builder_version=&#8221;4.17.0&#8243; text_font=&#8221;Montserrat||||||||&#8221; text_font_size=&#8221;16px&#8221; text_line_height=&#8221;1.8em&#8221; link_font=&#8221;Montserrat|700|||||||&#8221; link_text_color=&#8221;#fa546d&#8221; link_font_size=&#8221;22px&#8221; link_line_height=&#8221;1.5em&#8221; header_font=&#8221;||||||||&#8221; header_2_font=&#8221;Montserrat|700|||||||&#8221; header_2_font_size=&#8221;40px&#8221; header_2_line_height=&#8221;1.4em&#8221; header_6_font=&#8221;Montserrat|600||on|||||&#8221; header_6_text_color=&#8221;#ffb342&#8243; header_6_font_size=&#8221;16px&#8221; header_6_letter_spacing=&#8221;2px&#8221; header_6_line_height=&#8221;1.5em&#8221; text_orientation=&#8221;center&#8221; max_width=&#8221;700px&#8221; max_width_last_edited=&#8221;off|desktop&#8221; module_alignment=&#8221;center&#8221; custom_margin=&#8221;-22px|||||&#8221; custom_padding=&#8221;|||&#8221; header_2_font_size_tablet=&#8221;&#8221; header_2_font_size_phone=&#8221;24px&#8221; header_2_font_size_last_edited=&#8221;on|phone&#8221; global_colors_info=&#8221;{}&#8221;]<\/p>\n<h2>Mechanizmy dzia\u0142ania<\/h2>\n<p><span style=\"color: #333333;\">Dok\u0142adny mechanizm dzia\u0142ania Salinomycyny nie zosta\u0142 dot\u0105d poznany. Spekulowane s\u0105 r\u00f3\u017cne mechanizmy wed\u0142ug, kt\u00f3rych mo\u017cliwe jest dzia\u0142anie Salinomycyny:<\/span><\/p>\n<p>&nbsp;<\/p>\n<p>[\/et_pb_text][\/et_pb_column][\/et_pb_row][\/et_pb_section][et_pb_section fb_built=&#8221;1&#8243; _builder_version=&#8221;4.16&#8243; _module_preset=&#8221;default&#8221; use_background_color_gradient=&#8221;off&#8221; custom_margin=&#8221;-1px|||||&#8221; custom_padding=&#8221;37px|||||&#8221; global_colors_info=&#8221;{}&#8221;][et_pb_row _builder_version=&#8221;4.16&#8243; _module_preset=&#8221;default&#8221; global_colors_info=&#8221;{}&#8221;][et_pb_column type=&#8221;4_4&#8243; _builder_version=&#8221;4.16&#8243; _module_preset=&#8221;default&#8221; global_colors_info=&#8221;{}&#8221;][et_pb_text _builder_version=&#8221;4.16&#8243; _module_preset=&#8221;default&#8221; custom_padding=&#8221;||2px|||&#8221; global_colors_info=&#8221;{}&#8221;]<\/p>\n<p style=\"text-align: justify;\">Poni\u017cej przedstawiono mechanizmy dzia\u0142ania Salinomycyny. Ma ona szerokie spektrum oddzia\u0142ywania na procesy kom\u00f3rkowe. Proces eliminacji (autofagii i apoptozy) lub spowolnienia wzrostu kom\u00f3rek nowotworowych (zahamowanie onkogenezy i proliferacji) mo\u017ce mie\u0107 swoj\u0105 genez\u0119 w r\u00f3\u017cnych procesach kom\u00f3rkowych. Ze wzgl\u0119du na z\u0142o\u017cono\u015b\u0107 proces\u00f3w nie uda\u0142o si\u0119 ustali\u0107 jedynego mechanizmu dzia\u0142ania. Jednak wydaje si\u0119, \u017ce wszechstronno\u015b\u0107 dzia\u0142ania tej cz\u0105steczki jest tak du\u017ca, \u017ce mechanizm dzia\u0142ania tej cz\u0105steczki b\u0119dzie inny dla r\u00f3\u017cnych typ\u00f3w raka. W zak\u0142adce badania mo\u017cna sprawdzi\u0107 jak w badaniach in vivo przedstawione s\u0105 r\u00f3\u017cne sposoby dzia\u0142ania Salinomycyny na r\u00f3\u017cne typy raka. <\/p>\n<p>[\/et_pb_text][\/et_pb_column][\/et_pb_row][et_pb_row _builder_version=&#8221;4.17.3&#8243; _module_preset=&#8221;default&#8221; global_colors_info=&#8221;{}&#8221;][et_pb_column type=&#8221;4_4&#8243; _builder_version=&#8221;4.17.3&#8243; _module_preset=&#8221;default&#8221; global_colors_info=&#8221;{}&#8221;][et_pb_image src=&#8221;http:\/\/salinomycin.pl\/wp-content\/uploads\/2022\/05\/mechanizm-dzialania-salinomycyny-510&#215;382-1.png&#8221; title_text=&#8221;mechanizm-dzialania-salinomycyny-510&#215;382&#8243; align=&#8221;center&#8221; _builder_version=&#8221;4.17.3&#8243; _module_preset=&#8221;default&#8221; global_colors_info=&#8221;{}&#8221;][\/et_pb_image][\/et_pb_column][\/et_pb_row][\/et_pb_section]<\/p>\n","protected":false},"excerpt":{"rendered":"<p>Mechanizmy dzia\u0142ania Dok\u0142adny mechanizm dzia\u0142ania Salinomycyny nie zosta\u0142 dot\u0105d poznany. Spekulowane s\u0105 r\u00f3\u017cne mechanizmy wed\u0142ug, kt\u00f3rych mo\u017cliwe jest dzia\u0142anie Salinomycyny: &nbsp;Poni\u017cej przedstawiono mechanizmy dzia\u0142ania Salinomycyny. Ma ona szerokie spektrum oddzia\u0142ywania na procesy kom\u00f3rkowe. Proces eliminacji (autofagii i apoptozy) lub spowolnienia wzrostu kom\u00f3rek nowotworowych (zahamowanie onkogenezy i proliferacji) mo\u017ce mie\u0107 swoj\u0105 genez\u0119 w r\u00f3\u017cnych procesach kom\u00f3rkowych. [&hellip;]<\/p>\n","protected":false},"author":1,"featured_media":0,"parent":0,"menu_order":0,"comment_status":"closed","ping_status":"closed","template":"","meta":{"_et_pb_use_builder":"on","_et_pb_old_content":"","_et_gb_content_width":"","footnotes":""},"class_list":["post-172","page","type-page","status-publish","hentry"],"yoast_head":"<!-- This site is optimized with the Yoast SEO plugin v19.11 - https:\/\/yoast.com\/wordpress\/plugins\/seo\/ -->\n<title>Mechanizmy dzia\u0142ania - Salinomycin<\/title>\n<meta name=\"robots\" content=\"index, follow, max-snippet:-1, max-image-preview:large, max-video-preview:-1\" \/>\n<link rel=\"canonical\" href=\"https:\/\/salinomycin.pl\/?page_id=172\" \/>\n<meta property=\"og:locale\" content=\"pl_PL\" \/>\n<meta property=\"og:type\" content=\"article\" \/>\n<meta property=\"og:title\" content=\"Mechanizmy dzia\u0142ania - Salinomycin\" \/>\n<meta property=\"og:description\" content=\"Mechanizmy dzia\u0142ania Dok\u0142adny mechanizm dzia\u0142ania Salinomycyny nie zosta\u0142 dot\u0105d poznany. Spekulowane s\u0105 r\u00f3\u017cne mechanizmy wed\u0142ug, kt\u00f3rych mo\u017cliwe jest dzia\u0142anie Salinomycyny: &nbsp;Poni\u017cej przedstawiono mechanizmy dzia\u0142ania Salinomycyny. Ma ona szerokie spektrum oddzia\u0142ywania na procesy kom\u00f3rkowe. Proces eliminacji (autofagii i apoptozy) lub spowolnienia wzrostu kom\u00f3rek nowotworowych (zahamowanie onkogenezy i proliferacji) mo\u017ce mie\u0107 swoj\u0105 genez\u0119 w r\u00f3\u017cnych procesach kom\u00f3rkowych. [&hellip;]\" \/>\n<meta property=\"og:url\" content=\"https:\/\/salinomycin.pl\/?page_id=172\" \/>\n<meta property=\"og:site_name\" content=\"Salinomycin\" \/>\n<meta property=\"article:modified_time\" content=\"2022-05-24T10:54:37+00:00\" \/>\n<meta name=\"twitter:card\" content=\"summary_large_image\" \/>\n<meta name=\"twitter:label1\" content=\"Szacowany czas czytania\" \/>\n\t<meta name=\"twitter:data1\" content=\"2 minuty\" \/>\n<script type=\"application\/ld+json\" class=\"yoast-schema-graph\">{\"@context\":\"https:\/\/schema.org\",\"@graph\":[{\"@type\":\"WebPage\",\"@id\":\"https:\/\/salinomycin.pl\/?page_id=172\",\"url\":\"https:\/\/salinomycin.pl\/?page_id=172\",\"name\":\"Mechanizmy dzia\u0142ania - Salinomycin\",\"isPartOf\":{\"@id\":\"https:\/\/salinomycin.pl\/#website\"},\"datePublished\":\"2021-09-10T08:04:42+00:00\",\"dateModified\":\"2022-05-24T10:54:37+00:00\",\"breadcrumb\":{\"@id\":\"https:\/\/salinomycin.pl\/?page_id=172#breadcrumb\"},\"inLanguage\":\"pl-PL\",\"potentialAction\":[{\"@type\":\"ReadAction\",\"target\":[\"https:\/\/salinomycin.pl\/?page_id=172\"]}]},{\"@type\":\"BreadcrumbList\",\"@id\":\"https:\/\/salinomycin.pl\/?page_id=172#breadcrumb\",\"itemListElement\":[{\"@type\":\"ListItem\",\"position\":1,\"name\":\"Strona g\u0142\u00f3wna\",\"item\":\"https:\/\/salinomycin.pl\/\"},{\"@type\":\"ListItem\",\"position\":2,\"name\":\"Mechanizmy dzia\u0142ania\"}]},{\"@type\":\"WebSite\",\"@id\":\"https:\/\/salinomycin.pl\/#website\",\"url\":\"https:\/\/salinomycin.pl\/\",\"name\":\"Salinomycin\",\"description\":\"Strona informacyjna dotycz\u0105ca salinomycyny\",\"potentialAction\":[{\"@type\":\"SearchAction\",\"target\":{\"@type\":\"EntryPoint\",\"urlTemplate\":\"https:\/\/salinomycin.pl\/?s={search_term_string}\"},\"query-input\":\"required name=search_term_string\"}],\"inLanguage\":\"pl-PL\"}]}<\/script>\n<!-- \/ Yoast SEO plugin. -->","yoast_head_json":{"title":"Mechanizmy dzia\u0142ania - Salinomycin","robots":{"index":"index","follow":"follow","max-snippet":"max-snippet:-1","max-image-preview":"max-image-preview:large","max-video-preview":"max-video-preview:-1"},"canonical":"https:\/\/salinomycin.pl\/?page_id=172","og_locale":"pl_PL","og_type":"article","og_title":"Mechanizmy dzia\u0142ania - Salinomycin","og_description":"Mechanizmy dzia\u0142ania Dok\u0142adny mechanizm dzia\u0142ania Salinomycyny nie zosta\u0142 dot\u0105d poznany. Spekulowane s\u0105 r\u00f3\u017cne mechanizmy wed\u0142ug, kt\u00f3rych mo\u017cliwe jest dzia\u0142anie Salinomycyny: &nbsp;Poni\u017cej przedstawiono mechanizmy dzia\u0142ania Salinomycyny. Ma ona szerokie spektrum oddzia\u0142ywania na procesy kom\u00f3rkowe. Proces eliminacji (autofagii i apoptozy) lub spowolnienia wzrostu kom\u00f3rek nowotworowych (zahamowanie onkogenezy i proliferacji) mo\u017ce mie\u0107 swoj\u0105 genez\u0119 w r\u00f3\u017cnych procesach kom\u00f3rkowych. [&hellip;]","og_url":"https:\/\/salinomycin.pl\/?page_id=172","og_site_name":"Salinomycin","article_modified_time":"2022-05-24T10:54:37+00:00","twitter_card":"summary_large_image","twitter_misc":{"Szacowany czas czytania":"2 minuty"},"schema":{"@context":"https:\/\/schema.org","@graph":[{"@type":"WebPage","@id":"https:\/\/salinomycin.pl\/?page_id=172","url":"https:\/\/salinomycin.pl\/?page_id=172","name":"Mechanizmy dzia\u0142ania - Salinomycin","isPartOf":{"@id":"https:\/\/salinomycin.pl\/#website"},"datePublished":"2021-09-10T08:04:42+00:00","dateModified":"2022-05-24T10:54:37+00:00","breadcrumb":{"@id":"https:\/\/salinomycin.pl\/?page_id=172#breadcrumb"},"inLanguage":"pl-PL","potentialAction":[{"@type":"ReadAction","target":["https:\/\/salinomycin.pl\/?page_id=172"]}]},{"@type":"BreadcrumbList","@id":"https:\/\/salinomycin.pl\/?page_id=172#breadcrumb","itemListElement":[{"@type":"ListItem","position":1,"name":"Strona g\u0142\u00f3wna","item":"https:\/\/salinomycin.pl\/"},{"@type":"ListItem","position":2,"name":"Mechanizmy dzia\u0142ania"}]},{"@type":"WebSite","@id":"https:\/\/salinomycin.pl\/#website","url":"https:\/\/salinomycin.pl\/","name":"Salinomycin","description":"Strona informacyjna dotycz\u0105ca salinomycyny","potentialAction":[{"@type":"SearchAction","target":{"@type":"EntryPoint","urlTemplate":"https:\/\/salinomycin.pl\/?s={search_term_string}"},"query-input":"required name=search_term_string"}],"inLanguage":"pl-PL"}]}},"_links":{"self":[{"href":"https:\/\/salinomycin.pl\/index.php?rest_route=\/wp\/v2\/pages\/172","targetHints":{"allow":["GET"]}}],"collection":[{"href":"https:\/\/salinomycin.pl\/index.php?rest_route=\/wp\/v2\/pages"}],"about":[{"href":"https:\/\/salinomycin.pl\/index.php?rest_route=\/wp\/v2\/types\/page"}],"author":[{"embeddable":true,"href":"https:\/\/salinomycin.pl\/index.php?rest_route=\/wp\/v2\/users\/1"}],"replies":[{"embeddable":true,"href":"https:\/\/salinomycin.pl\/index.php?rest_route=%2Fwp%2Fv2%2Fcomments&post=172"}],"version-history":[{"count":14,"href":"https:\/\/salinomycin.pl\/index.php?rest_route=\/wp\/v2\/pages\/172\/revisions"}],"predecessor-version":[{"id":849,"href":"https:\/\/salinomycin.pl\/index.php?rest_route=\/wp\/v2\/pages\/172\/revisions\/849"}],"wp:attachment":[{"href":"https:\/\/salinomycin.pl\/index.php?rest_route=%2Fwp%2Fv2%2Fmedia&parent=172"}],"curies":[{"name":"wp","href":"https:\/\/api.w.org\/{rel}","templated":true}]}}