{"id":2,"date":"2021-09-01T21:31:46","date_gmt":"2021-09-01T19:31:46","guid":{"rendered":"http:\/\/salinomycin.pl\/?page_id=2"},"modified":"2022-06-27T11:28:47","modified_gmt":"2022-06-27T09:28:47","slug":"strona-glowna","status":"publish","type":"page","link":"https:\/\/salinomycin.pl\/","title":{"rendered":"Strona g\u0142\u00f3wna"},"content":{"rendered":"\n[et_pb_section fb_built=&#8221;1&#8243; admin_label=&#8221;Login&#8221; _builder_version=&#8221;4.17.0&#8243; _module_preset=&#8221;4f71cc75-5c84-4d61-89a4-8d2644905af5&#8243; background_color=&#8221;#FFFFFF&#8221; custom_padding=&#8221;25px||30px|||&#8221; global_colors_info=&#8221;{}&#8221;][et_pb_row column_structure=&#8221;1_2,1_2&#8243; _builder_version=&#8221;4.16&#8243; custom_margin=&#8221;|auto|2px|auto||&#8221; global_colors_info=&#8221;{}&#8221;][et_pb_column type=&#8221;1_2&#8243; _builder_version=&#8221;4.16&#8243; custom_padding=&#8221;|||&#8221; global_colors_info=&#8221;{}&#8221; custom_padding__hover=&#8221;|||&#8221;][et_pb_text _builder_version=&#8221;4.17.0&#8243; _module_preset=&#8221;default&#8221; header_font_size=&#8221;50px&#8221; min_height=&#8221;78.8px&#8221; hover_enabled=&#8221;0&#8243; global_colors_info=&#8221;{}&#8221; sticky_enabled=&#8221;0&#8243;]<h1><span style=\"color: #000000;\">Salinomycyna<\/span><\/h1>\n<p style=\"text-align: justify;\"><span style=\"color: #000000;\">to zwi\u0105zek naturalny nale\u017c\u0105cy do grupy polieterowych antybiotyk\u00f3w jonoforowych posiadaj\u0105cy szerokie spektrum dzia\u0142ania, to bro\u0144, kt\u00f3r\u0105 mo\u017cna stosowa\u0107 w walce z r\u00f3\u017cnymi podtypami raka, jak r\u00f3wnie\u017c z macierzystymi kom\u00f3rkami nowotworowymi. Po za tym mo\u017cna j\u0105 stosowa\u0107 przeciw chorobom wywo\u0142ywanym przez bakterie, pierwotniaki oraz wirusy. Cechuj\u0105 j\u0105 \u0142agodne efekty uboczne po podaniu w dawce terapeutycznej w por\u00f3wnaniu do znanych terapii nowotworowych.<\/span><\/p>\n<p>&nbsp;<\/p>[\/et_pb_text][\/et_pb_column][et_pb_column type=&#8221;1_2&#8243; _builder_version=&#8221;4.16&#8243; custom_padding=&#8221;|||&#8221; custom_padding_tablet=&#8221;0px|||&#8221; custom_padding_last_edited=&#8221;off|desktop&#8221; global_colors_info=&#8221;{}&#8221; padding_tablet=&#8221;0px|||&#8221; padding_last_edited=&#8221;off|desktop&#8221; custom_padding__hover=&#8221;|||&#8221;][et_pb_image src=&#8221;http:\/\/salinomycin.pl\/wp-content\/uploads\/2021\/09\/Salinomycin-wiki.png&#8221; title_text=&#8221;Salinomycin wiki&#8221; align=&#8221;center&#8221; _builder_version=&#8221;4.16&#8243; _module_preset=&#8221;default&#8221; custom_padding=&#8221;30px||52px|||&#8221; global_colors_info=&#8221;{}&#8221;][\/et_pb_image][\/et_pb_column][\/et_pb_row][\/et_pb_section][et_pb_section fb_built=&#8221;1&#8243; _builder_version=&#8221;4.17.0&#8243; _module_preset=&#8221;default&#8221; background_enable_color=&#8221;off&#8221; use_background_color_gradient=&#8221;off&#8221; custom_margin=&#8221;||-2px|||&#8221; custom_padding=&#8221;||75px|||&#8221; global_colors_info=&#8221;{}&#8221;][et_pb_row _builder_version=&#8221;4.16&#8243; _module_preset=&#8221;default&#8221; global_colors_info=&#8221;{}&#8221;][et_pb_column type=&#8221;4_4&#8243; _builder_version=&#8221;4.16&#8243; _module_preset=&#8221;default&#8221; global_colors_info=&#8221;{}&#8221;][et_pb_text _builder_version=&#8221;4.17.0&#8243; _module_preset=&#8221;default&#8221; custom_margin=&#8221;||40px|||&#8221; global_colors_info=&#8221;{}&#8221;]<p><span style=\"color: #000000;\">Modyfikacje chemiczne struktury Salinomycyny powoduj\u0105 zwielokrotnienie jej aktywno\u015bci w walce z wymienionymi powy\u017cej chorobami. Szczeg\u00f3lnie modyfikacje cz\u0105steczki w pozycji C1 i C20 wykazuj\u0105 bardzo obiecuj\u0105ce wyniki.<\/span><\/p>[\/et_pb_text][\/et_pb_column][\/et_pb_row][et_pb_row column_structure=&#8221;1_5,1_5,1_5,1_5,1_5&#8243; _builder_version=&#8221;4.16&#8243; _module_preset=&#8221;default&#8221; custom_margin=&#8221;-29px|auto||auto||&#8221; global_colors_info=&#8221;{}&#8221;][et_pb_column type=&#8221;1_5&#8243; _builder_version=&#8221;4.16&#8243; _module_preset=&#8221;default&#8221; global_colors_info=&#8221;{}&#8221;][et_pb_text _builder_version=&#8221;4.16&#8243; _module_preset=&#8221;default&#8221; link_option_url=&#8221;http:\/\/salinomycin.pl\/?page_id=206&#8243; global_colors_info=&#8221;{}&#8221;]<p style=\"text-align: center;\"><strong>Cancer Steam Cell (CSC)<\/strong><\/p>[\/et_pb_text][\/et_pb_column][et_pb_column type=&#8221;1_5&#8243; _builder_version=&#8221;4.16&#8243; _module_preset=&#8221;default&#8221; global_colors_info=&#8221;{}&#8221;][et_pb_text _builder_version=&#8221;4.16&#8243; _module_preset=&#8221;default&#8221; link_option_url=&#8221;http:\/\/salinomycin.pl\/?page_id=50&#8243; global_colors_info=&#8221;{}&#8221;]<p style=\"text-align: center;\"><strong>Dzia\u0142anie przeciwbakteryjne<\/strong><\/p>[\/et_pb_text][\/et_pb_column][et_pb_column type=&#8221;1_5&#8243; _builder_version=&#8221;4.16&#8243; _module_preset=&#8221;default&#8221; global_colors_info=&#8221;{}&#8221;][et_pb_text _builder_version=&#8221;4.16&#8243; _module_preset=&#8221;default&#8221; link_option_url=&#8221;http:\/\/salinomycin.pl\/?page_id=52&#8243; global_colors_info=&#8221;{}&#8221;]<p style=\"text-align: center;\"><strong>Dzia\u0142anie przeciwnowotworowe<\/strong><\/p>[\/et_pb_text][\/et_pb_column][et_pb_column type=&#8221;1_5&#8243; _builder_version=&#8221;4.16&#8243; _module_preset=&#8221;default&#8221; global_colors_info=&#8221;{}&#8221;][et_pb_text _builder_version=&#8221;4.16&#8243; _module_preset=&#8221;default&#8221; link_option_url=&#8221;http:\/\/salinomycin.pl\/?page_id=54&#8243; global_colors_info=&#8221;{}&#8221;]<p style=\"text-align: center;\"><strong>Dzia\u0142anie przeciwpierwotniakowe<\/strong><\/p>[\/et_pb_text][\/et_pb_column][et_pb_column type=&#8221;1_5&#8243; _builder_version=&#8221;4.16&#8243; _module_preset=&#8221;default&#8221; global_colors_info=&#8221;{}&#8221;][et_pb_text _builder_version=&#8221;4.16&#8243; _module_preset=&#8221;default&#8221; link_option_url=&#8221;http:\/\/salinomycin.pl\/?page_id=207&#8243; global_colors_info=&#8221;{}&#8221;]<p style=\"text-align: center;\"><strong>Dzia\u0142anie przeciwwirusowe<\/strong><\/p>[\/et_pb_text][\/et_pb_column][\/et_pb_row][et_pb_row _builder_version=&#8221;4.16&#8243; _module_preset=&#8221;default&#8221; global_colors_info=&#8221;{}&#8221;][et_pb_column type=&#8221;4_4&#8243; _builder_version=&#8221;4.16&#8243; _module_preset=&#8221;default&#8221; global_colors_info=&#8221;{}&#8221;][et_pb_text _builder_version=&#8221;4.16&#8243; _module_preset=&#8221;default&#8221; custom_margin=&#8221;20px|||||&#8221; global_colors_info=&#8221;{}&#8221;]<h1>Najnowsze informacje<\/h1>\n<p>Poni\u017cej prezentowane s\u0105 informacje odno\u015bnie Salinomycyny i jej pochodnych zbierane od 2021 roku.<\/p>[\/et_pb_text][et_pb_accordion _builder_version=&#8221;4.16&#8243; _module_preset=&#8221;default&#8221; global_colors_info=&#8221;{}&#8221;][et_pb_accordion_item title=&#8221;Anticancer Mechanisms of Salinomycin in Breast Cancer and Its Clinical Applications&#8221; open=&#8221;on&#8221; _builder_version=&#8221;4.16&#8243; _module_preset=&#8221;default&#8221; global_colors_info=&#8221;{}&#8221;]<p><a href=\"https:\/\/doi.org\/10.3389\/fonc.2021.654428\">https:\/\/doi.org\/10.3389\/fonc.2021.654428<\/a><\/p>[\/et_pb_accordion_item][et_pb_accordion_item title=&#8221;Salinomycin-Based Drug Delivery Systems: Overcoming the Hurdles in Cancer Therapy&#8221; _builder_version=&#8221;4.16&#8243; _module_preset=&#8221;default&#8221; global_colors_info=&#8221;{}&#8221; open=&#8221;off&#8221;]<p><a href=\"https:\/\/doi.org\/10.3390\/pharmaceutics13081120\">https:\/\/doi.org\/10.3390\/pharmaceutics13081120<\/a><\/p>[\/et_pb_accordion_item][\/et_pb_accordion][\/et_pb_column][\/et_pb_row][\/et_pb_section]\n","protected":false},"excerpt":{"rendered":"<p>Salinomycyna to zwi\u0105zek naturalny nale\u017c\u0105cy do grupy polieterowych antybiotyk\u00f3w jonoforowych posiadaj\u0105cy szerokie spektrum dzia\u0142ania, to bro\u0144, kt\u00f3r\u0105 mo\u017cna stosowa\u0107 w walce z r\u00f3\u017cnymi podtypami raka, jak r\u00f3wnie\u017c z macierzystymi kom\u00f3rkami nowotworowymi. Po za tym mo\u017cna j\u0105 stosowa\u0107 przeciw chorobom wywo\u0142ywanym przez bakterie, pierwotniaki oraz wirusy. Cechuj\u0105 j\u0105 \u0142agodne efekty uboczne po podaniu w dawce terapeutycznej [&hellip;]<\/p>\n","protected":false},"author":1,"featured_media":0,"parent":0,"menu_order":0,"comment_status":"closed","ping_status":"closed","template":"","meta":{"_et_pb_use_builder":"on","_et_pb_old_content":"<!-- wp:paragraph -->\n<p>Przyk\u0142adowa strona. Strony s\u0105 inne ni\u017c wpisy na blogu, poniewa\u017c nie tylko znajduj\u0105 si\u0119 zawsze w jednym miejscu, ale tak\u017ce pojawiaj\u0105 si\u0119 w menu witryny (w wi\u0119kszo\u015bci motyw\u00f3w). Wi\u0119kszo\u015b\u0107 u\u017cytkownik\u00f3w zaczyna od strony z informacjami o sobie, kt\u00f3ra zapozna ich przed odwiedzaj\u0105cymi witryn\u0119. Taka strona mo\u017ce zawiera\u0107 na przyk\u0142ad taki tekst:<\/p>\n<!-- \/wp:paragraph -->\n\n<!-- wp:quote -->\n<blockquote class=\"wp-block-quote\"><p>Cze\u015b\u0107! Za dnia jestem kurierem rowerowym, noc\u0105 pr\u00f3buj\u0119 swoich si\u0142 w aktorstwie, a to jest moja witryna. Mieszkam w Krakowie, mam wspania\u0142ego psa kt\u00f3ry wabi si\u0119 Reks i lubi\u0119 pi\u00f1a colad\u0119 (oraz spacery, gdy pada deszcz).<\/p><\/blockquote>\n<!-- \/wp:quote -->\n\n<!-- wp:paragraph -->\n<p>...albo co\u015b takiego:<\/p>\n<!-- \/wp:paragraph -->\n\n<!-- wp:quote -->\n<blockquote class=\"wp-block-quote\"><p>Firma XYZ Doohickey zosta\u0142a za\u0142o\u017cona w 1971 roku i od tamtej pory dostarcza spo\u0142ecze\u0144stwu dobrej jako\u015bci gad\u017cety. Znajduj\u0105ca si\u0119 w Gotham City XYZ zatrudnia ponad 2000 os\u00f3b i robi niesamowite rzeczy dla spo\u0142eczno\u015bci Gotham.<\/p><\/blockquote>\n<!-- \/wp:quote -->\n\n<!-- wp:paragraph -->\n<p>Jako nowy u\u017cytkownik WordPressa, powiniene\u015b przej\u015b\u0107 do <a href=\"http:\/\/salinomycin.pl\/wp-admin\/\">swojego kokpitu<\/a> aby usun\u0105\u0107 t\u0119 stron\u0119 i stworzy\u0107 nowe z w\u0142asn\u0105 tre\u015bci\u0105. Dobrej zabawy!<\/p>\n<!-- \/wp:paragraph -->","_et_gb_content_width":"","footnotes":""},"class_list":["post-2","page","type-page","status-publish","hentry"],"yoast_head":"<!-- This site is optimized with the Yoast SEO plugin v19.11 - https:\/\/yoast.com\/wordpress\/plugins\/seo\/ -->\n<title>Salinomycin - Strona informacyjna dotycz\u0105ca salinomycyny<\/title>\n<meta name=\"description\" content=\"To tutaj dowiesz si\u0119 czego\u015b wi\u0119cej na temat salinomycyny i jej wykorzystywania w medycynie. Mamy r\u00f3wnie\u017c bardzo bogat\u0105 baz\u0119 \u017ar\u00f3de\u0142!\" \/>\n<meta name=\"robots\" content=\"index, follow, max-snippet:-1, max-image-preview:large, max-video-preview:-1\" \/>\n<link rel=\"canonical\" href=\"https:\/\/salinomycin.pl\/\" \/>\n<meta property=\"og:locale\" content=\"pl_PL\" \/>\n<meta property=\"og:type\" content=\"article\" \/>\n<meta property=\"og:title\" content=\"Salinomycin - Strona informacyjna dotycz\u0105ca salinomycyny\" \/>\n<meta property=\"og:description\" content=\"To tutaj dowiesz si\u0119 czego\u015b wi\u0119cej na temat salinomycyny i jej wykorzystywania w medycynie. Mamy r\u00f3wnie\u017c bardzo bogat\u0105 baz\u0119 \u017ar\u00f3de\u0142!\" \/>\n<meta property=\"og:url\" content=\"https:\/\/salinomycin.pl\/\" \/>\n<meta property=\"og:site_name\" content=\"Salinomycin\" \/>\n<meta property=\"article:modified_time\" content=\"2022-06-27T09:28:47+00:00\" \/>\n<meta name=\"twitter:card\" content=\"summary_large_image\" \/>\n<meta name=\"twitter:label1\" content=\"Szacowany czas czytania\" \/>\n\t<meta name=\"twitter:data1\" content=\"2 minuty\" \/>\n<script type=\"application\/ld+json\" class=\"yoast-schema-graph\">{\"@context\":\"https:\/\/schema.org\",\"@graph\":[{\"@type\":\"WebPage\",\"@id\":\"https:\/\/salinomycin.pl\/\",\"url\":\"https:\/\/salinomycin.pl\/\",\"name\":\"Salinomycin - Strona informacyjna dotycz\u0105ca salinomycyny\",\"isPartOf\":{\"@id\":\"https:\/\/salinomycin.pl\/#website\"},\"datePublished\":\"2021-09-01T19:31:46+00:00\",\"dateModified\":\"2022-06-27T09:28:47+00:00\",\"description\":\"To tutaj dowiesz si\u0119 czego\u015b wi\u0119cej na temat salinomycyny i jej wykorzystywania w medycynie. Mamy r\u00f3wnie\u017c bardzo bogat\u0105 baz\u0119 \u017ar\u00f3de\u0142!\",\"breadcrumb\":{\"@id\":\"https:\/\/salinomycin.pl\/#breadcrumb\"},\"inLanguage\":\"pl-PL\",\"potentialAction\":[{\"@type\":\"ReadAction\",\"target\":[\"https:\/\/salinomycin.pl\/\"]}]},{\"@type\":\"BreadcrumbList\",\"@id\":\"https:\/\/salinomycin.pl\/#breadcrumb\",\"itemListElement\":[{\"@type\":\"ListItem\",\"position\":1,\"name\":\"Strona g\u0142\u00f3wna\",\"item\":\"https:\/\/salinomycin.pl\/\"},{\"@type\":\"ListItem\",\"position\":2,\"name\":\"Strona g\u0142\u00f3wna\"}]},{\"@type\":\"WebSite\",\"@id\":\"https:\/\/salinomycin.pl\/#website\",\"url\":\"https:\/\/salinomycin.pl\/\",\"name\":\"Salinomycin\",\"description\":\"Strona informacyjna dotycz\u0105ca salinomycyny\",\"potentialAction\":[{\"@type\":\"SearchAction\",\"target\":{\"@type\":\"EntryPoint\",\"urlTemplate\":\"https:\/\/salinomycin.pl\/?s={search_term_string}\"},\"query-input\":\"required name=search_term_string\"}],\"inLanguage\":\"pl-PL\"}]}<\/script>\n<!-- \/ Yoast SEO plugin. -->","yoast_head_json":{"title":"Salinomycin - Strona informacyjna dotycz\u0105ca salinomycyny","description":"To tutaj dowiesz si\u0119 czego\u015b wi\u0119cej na temat salinomycyny i jej wykorzystywania w medycynie. Mamy r\u00f3wnie\u017c bardzo bogat\u0105 baz\u0119 \u017ar\u00f3de\u0142!","robots":{"index":"index","follow":"follow","max-snippet":"max-snippet:-1","max-image-preview":"max-image-preview:large","max-video-preview":"max-video-preview:-1"},"canonical":"https:\/\/salinomycin.pl\/","og_locale":"pl_PL","og_type":"article","og_title":"Salinomycin - Strona informacyjna dotycz\u0105ca salinomycyny","og_description":"To tutaj dowiesz si\u0119 czego\u015b wi\u0119cej na temat salinomycyny i jej wykorzystywania w medycynie. Mamy r\u00f3wnie\u017c bardzo bogat\u0105 baz\u0119 \u017ar\u00f3de\u0142!","og_url":"https:\/\/salinomycin.pl\/","og_site_name":"Salinomycin","article_modified_time":"2022-06-27T09:28:47+00:00","twitter_card":"summary_large_image","twitter_misc":{"Szacowany czas czytania":"2 minuty"},"schema":{"@context":"https:\/\/schema.org","@graph":[{"@type":"WebPage","@id":"https:\/\/salinomycin.pl\/","url":"https:\/\/salinomycin.pl\/","name":"Salinomycin - Strona informacyjna dotycz\u0105ca salinomycyny","isPartOf":{"@id":"https:\/\/salinomycin.pl\/#website"},"datePublished":"2021-09-01T19:31:46+00:00","dateModified":"2022-06-27T09:28:47+00:00","description":"To tutaj dowiesz si\u0119 czego\u015b wi\u0119cej na temat salinomycyny i jej wykorzystywania w medycynie. Mamy r\u00f3wnie\u017c bardzo bogat\u0105 baz\u0119 \u017ar\u00f3de\u0142!","breadcrumb":{"@id":"https:\/\/salinomycin.pl\/#breadcrumb"},"inLanguage":"pl-PL","potentialAction":[{"@type":"ReadAction","target":["https:\/\/salinomycin.pl\/"]}]},{"@type":"BreadcrumbList","@id":"https:\/\/salinomycin.pl\/#breadcrumb","itemListElement":[{"@type":"ListItem","position":1,"name":"Strona g\u0142\u00f3wna","item":"https:\/\/salinomycin.pl\/"},{"@type":"ListItem","position":2,"name":"Strona g\u0142\u00f3wna"}]},{"@type":"WebSite","@id":"https:\/\/salinomycin.pl\/#website","url":"https:\/\/salinomycin.pl\/","name":"Salinomycin","description":"Strona informacyjna dotycz\u0105ca salinomycyny","potentialAction":[{"@type":"SearchAction","target":{"@type":"EntryPoint","urlTemplate":"https:\/\/salinomycin.pl\/?s={search_term_string}"},"query-input":"required name=search_term_string"}],"inLanguage":"pl-PL"}]}},"_links":{"self":[{"href":"https:\/\/salinomycin.pl\/index.php?rest_route=\/wp\/v2\/pages\/2","targetHints":{"allow":["GET"]}}],"collection":[{"href":"https:\/\/salinomycin.pl\/index.php?rest_route=\/wp\/v2\/pages"}],"about":[{"href":"https:\/\/salinomycin.pl\/index.php?rest_route=\/wp\/v2\/types\/page"}],"author":[{"embeddable":true,"href":"https:\/\/salinomycin.pl\/index.php?rest_route=\/wp\/v2\/users\/1"}],"replies":[{"embeddable":true,"href":"https:\/\/salinomycin.pl\/index.php?rest_route=%2Fwp%2Fv2%2Fcomments&post=2"}],"version-history":[{"count":55,"href":"https:\/\/salinomycin.pl\/index.php?rest_route=\/wp\/v2\/pages\/2\/revisions"}],"predecessor-version":[{"id":851,"href":"https:\/\/salinomycin.pl\/index.php?rest_route=\/wp\/v2\/pages\/2\/revisions\/851"}],"wp:attachment":[{"href":"https:\/\/salinomycin.pl\/index.php?rest_route=%2Fwp%2Fv2%2Fmedia&parent=2"}],"curies":[{"name":"wp","href":"https:\/\/api.w.org\/{rel}","templated":true}]}}