{"id":43,"date":"2021-09-01T23:39:34","date_gmt":"2021-09-01T21:39:34","guid":{"rendered":"http:\/\/salinomycin.pl\/?page_id=43"},"modified":"2022-04-27T08:31:00","modified_gmt":"2022-04-27T06:31:00","slug":"patenty","status":"publish","type":"page","link":"https:\/\/salinomycin.pl\/?page_id=43","title":{"rendered":"Patenty"},"content":{"rendered":"<p>[et_pb_section fb_built=&#8221;1&#8243; _builder_version=&#8221;4.17.0&#8243; _module_preset=&#8221;4f71cc75-5c84-4d61-89a4-8d2644905af5&#8243; custom_margin=&#8221;||6px|||&#8221; custom_padding=&#8221;43px||0px|||&#8221; global_colors_info=&#8221;{}&#8221;][et_pb_row _builder_version=&#8221;4.16&#8243; custom_margin=&#8221;|auto|-10px|auto||&#8221; custom_padding=&#8221;0px||22px|||&#8221; global_colors_info=&#8221;{}&#8221;][et_pb_column type=&#8221;4_4&#8243; _builder_version=&#8221;4.16&#8243; custom_padding=&#8221;|||&#8221; global_colors_info=&#8221;{}&#8221; custom_padding__hover=&#8221;|||&#8221;][et_pb_text _builder_version=&#8221;4.17.0&#8243; text_font=&#8221;Montserrat||||||||&#8221; text_font_size=&#8221;16px&#8221; text_line_height=&#8221;1.8em&#8221; link_font=&#8221;Montserrat|700|||||||&#8221; link_text_color=&#8221;#fa546d&#8221; link_font_size=&#8221;22px&#8221; link_line_height=&#8221;1.5em&#8221; header_font=&#8221;||||||||&#8221; header_2_font=&#8221;Montserrat|700|||||||&#8221; header_2_font_size=&#8221;40px&#8221; header_2_line_height=&#8221;1.4em&#8221; header_6_font=&#8221;Montserrat|600||on|||||&#8221; header_6_text_color=&#8221;#ffb342&#8243; header_6_font_size=&#8221;16px&#8221; header_6_letter_spacing=&#8221;2px&#8221; header_6_line_height=&#8221;1.5em&#8221; text_orientation=&#8221;center&#8221; max_width=&#8221;700px&#8221; max_width_last_edited=&#8221;off|desktop&#8221; module_alignment=&#8221;center&#8221; min_height=&#8221;192px&#8221; custom_margin=&#8221;||1px|||&#8221; custom_padding=&#8221;|3px|0px|||&#8221; header_2_font_size_tablet=&#8221;&#8221; header_2_font_size_phone=&#8221;24px&#8221; header_2_font_size_last_edited=&#8221;on|phone&#8221; global_colors_info=&#8221;{}&#8221;]<\/p>\n<h2>Patenty<\/h2>\n<p><span style=\"color: #333333;\">Cz\u0105steczka Salinomycyny jako zwi\u0105zek wyst\u0119puj\u0105cy naturalnie nie mo\u017ce zosta\u0107 opatentowana. Poni\u017cej zaprezentowano przyznane patenty dla modyfikacji chemicznych cz\u0105steczki Salinomycyny.<\/span><\/p>\n<p>[\/et_pb_text][\/et_pb_column][\/et_pb_row][\/et_pb_section][et_pb_section fb_built=&#8221;1&#8243; admin_label=&#8221;Services&#8221; _builder_version=&#8221;4.16&#8243; background_enable_color=&#8221;off&#8221; use_background_color_gradient=&#8221;off&#8221; min_height=&#8221;490px&#8221; custom_padding=&#8221;30px|||||&#8221; locked=&#8221;off&#8221; global_colors_info=&#8221;{}&#8221;][et_pb_row _builder_version=&#8221;4.16&#8243; _module_preset=&#8221;default&#8221; global_colors_info=&#8221;{}&#8221;][et_pb_column type=&#8221;4_4&#8243; _builder_version=&#8221;4.16&#8243; _module_preset=&#8221;default&#8221; global_colors_info=&#8221;{}&#8221;][et_pb_accordion _builder_version=&#8221;4.16&#8243; _module_preset=&#8221;default&#8221; global_colors_info=&#8221;{}&#8221;][et_pb_accordion_item title=&#8221;WO 2017\/031038 A1&#8243; open=&#8221;on&#8221; _builder_version=&#8221;4.16&#8243; _module_preset=&#8221;default&#8221; global_colors_info=&#8221;{}&#8221;]<\/p>\n<p>Przedstawiony patent prezentuje modyfikacje struktury szkieletu Salinomycyny w pozycji C1 i C20. Ugrupowanie karboksylowe znajduj\u0105ce si\u0119 w pozycji C1 przekszta\u0142cone jest w ugrupowanie amidowe. Natomiast pozycja C20 wyst\u0119puje w postaci wolnego hydroksylu lub w postaci octanu. https:\/\/patentscope.wipo.int\/search\/en\/detail.jsf?docId=WO2017031038<\/p>\n<p>[\/et_pb_accordion_item][et_pb_accordion_item title=&#8221;EP14306409, WO2016038223A1&#8243; _builder_version=&#8221;4.16&#8243; _module_preset=&#8221;default&#8221; global_colors_info=&#8221;{}&#8221; open=&#8221;off&#8221;]<\/p>\n<p>W przedstawionym patencie modyfikacje struktury obejmuj\u0105 pozycje C1, C9, C11 i C20.<\/p>\n<p><a href=\"https:\/\/patents.google.com\/patent\/WO2016038223A1\/fr\">https:\/\/patents.google.com\/patent\/WO2016038223A1\/en<\/a><\/p>\n<p>[\/et_pb_accordion_item][\/et_pb_accordion][\/et_pb_column][\/et_pb_row][\/et_pb_section]<\/p>\n","protected":false},"excerpt":{"rendered":"<p>Patenty Cz\u0105steczka Salinomycyny jako zwi\u0105zek wyst\u0119puj\u0105cy naturalnie nie mo\u017ce zosta\u0107 opatentowana. Poni\u017cej zaprezentowano przyznane patenty dla modyfikacji chemicznych cz\u0105steczki Salinomycyny.Przedstawiony patent prezentuje modyfikacje struktury szkieletu Salinomycyny w pozycji C1 i C20. Ugrupowanie karboksylowe znajduj\u0105ce si\u0119 w pozycji C1 przekszta\u0142cone jest w ugrupowanie amidowe. Natomiast pozycja C20 wyst\u0119puje w postaci wolnego hydroksylu lub w postaci octanu. [&hellip;]<\/p>\n","protected":false},"author":1,"featured_media":0,"parent":0,"menu_order":0,"comment_status":"closed","ping_status":"closed","template":"","meta":{"_et_pb_use_builder":"on","_et_pb_old_content":"","_et_gb_content_width":"","footnotes":""},"class_list":["post-43","page","type-page","status-publish","hentry"],"yoast_head":"<!-- This site is optimized with the Yoast SEO plugin v19.11 - https:\/\/yoast.com\/wordpress\/plugins\/seo\/ -->\n<title>Patenty - Salinomycin<\/title>\n<meta name=\"robots\" content=\"index, follow, max-snippet:-1, max-image-preview:large, max-video-preview:-1\" \/>\n<link rel=\"canonical\" href=\"https:\/\/salinomycin.pl\/?page_id=43\" \/>\n<meta property=\"og:locale\" content=\"pl_PL\" \/>\n<meta property=\"og:type\" content=\"article\" \/>\n<meta property=\"og:title\" content=\"Patenty - Salinomycin\" \/>\n<meta property=\"og:description\" content=\"Patenty Cz\u0105steczka Salinomycyny jako zwi\u0105zek wyst\u0119puj\u0105cy naturalnie nie mo\u017ce zosta\u0107 opatentowana. Poni\u017cej zaprezentowano przyznane patenty dla modyfikacji chemicznych cz\u0105steczki Salinomycyny.Przedstawiony patent prezentuje modyfikacje struktury szkieletu Salinomycyny w pozycji C1 i C20. Ugrupowanie karboksylowe znajduj\u0105ce si\u0119 w pozycji C1 przekszta\u0142cone jest w ugrupowanie amidowe. Natomiast pozycja C20 wyst\u0119puje w postaci wolnego hydroksylu lub w postaci octanu. [&hellip;]\" \/>\n<meta property=\"og:url\" content=\"https:\/\/salinomycin.pl\/?page_id=43\" \/>\n<meta property=\"og:site_name\" content=\"Salinomycin\" \/>\n<meta property=\"article:modified_time\" content=\"2022-04-27T06:31:00+00:00\" \/>\n<meta name=\"twitter:card\" content=\"summary_large_image\" \/>\n<meta name=\"twitter:label1\" content=\"Szacowany czas czytania\" \/>\n\t<meta name=\"twitter:data1\" content=\"2 minuty\" \/>\n<script type=\"application\/ld+json\" class=\"yoast-schema-graph\">{\"@context\":\"https:\/\/schema.org\",\"@graph\":[{\"@type\":\"WebPage\",\"@id\":\"https:\/\/salinomycin.pl\/?page_id=43\",\"url\":\"https:\/\/salinomycin.pl\/?page_id=43\",\"name\":\"Patenty - Salinomycin\",\"isPartOf\":{\"@id\":\"https:\/\/salinomycin.pl\/#website\"},\"datePublished\":\"2021-09-01T21:39:34+00:00\",\"dateModified\":\"2022-04-27T06:31:00+00:00\",\"breadcrumb\":{\"@id\":\"https:\/\/salinomycin.pl\/?page_id=43#breadcrumb\"},\"inLanguage\":\"pl-PL\",\"potentialAction\":[{\"@type\":\"ReadAction\",\"target\":[\"https:\/\/salinomycin.pl\/?page_id=43\"]}]},{\"@type\":\"BreadcrumbList\",\"@id\":\"https:\/\/salinomycin.pl\/?page_id=43#breadcrumb\",\"itemListElement\":[{\"@type\":\"ListItem\",\"position\":1,\"name\":\"Strona g\u0142\u00f3wna\",\"item\":\"https:\/\/salinomycin.pl\/\"},{\"@type\":\"ListItem\",\"position\":2,\"name\":\"Patenty\"}]},{\"@type\":\"WebSite\",\"@id\":\"https:\/\/salinomycin.pl\/#website\",\"url\":\"https:\/\/salinomycin.pl\/\",\"name\":\"Salinomycin\",\"description\":\"Strona informacyjna dotycz\u0105ca salinomycyny\",\"potentialAction\":[{\"@type\":\"SearchAction\",\"target\":{\"@type\":\"EntryPoint\",\"urlTemplate\":\"https:\/\/salinomycin.pl\/?s={search_term_string}\"},\"query-input\":\"required name=search_term_string\"}],\"inLanguage\":\"pl-PL\"}]}<\/script>\n<!-- \/ Yoast SEO plugin. -->","yoast_head_json":{"title":"Patenty - Salinomycin","robots":{"index":"index","follow":"follow","max-snippet":"max-snippet:-1","max-image-preview":"max-image-preview:large","max-video-preview":"max-video-preview:-1"},"canonical":"https:\/\/salinomycin.pl\/?page_id=43","og_locale":"pl_PL","og_type":"article","og_title":"Patenty - Salinomycin","og_description":"Patenty Cz\u0105steczka Salinomycyny jako zwi\u0105zek wyst\u0119puj\u0105cy naturalnie nie mo\u017ce zosta\u0107 opatentowana. Poni\u017cej zaprezentowano przyznane patenty dla modyfikacji chemicznych cz\u0105steczki Salinomycyny.Przedstawiony patent prezentuje modyfikacje struktury szkieletu Salinomycyny w pozycji C1 i C20. Ugrupowanie karboksylowe znajduj\u0105ce si\u0119 w pozycji C1 przekszta\u0142cone jest w ugrupowanie amidowe. Natomiast pozycja C20 wyst\u0119puje w postaci wolnego hydroksylu lub w postaci octanu. [&hellip;]","og_url":"https:\/\/salinomycin.pl\/?page_id=43","og_site_name":"Salinomycin","article_modified_time":"2022-04-27T06:31:00+00:00","twitter_card":"summary_large_image","twitter_misc":{"Szacowany czas czytania":"2 minuty"},"schema":{"@context":"https:\/\/schema.org","@graph":[{"@type":"WebPage","@id":"https:\/\/salinomycin.pl\/?page_id=43","url":"https:\/\/salinomycin.pl\/?page_id=43","name":"Patenty - Salinomycin","isPartOf":{"@id":"https:\/\/salinomycin.pl\/#website"},"datePublished":"2021-09-01T21:39:34+00:00","dateModified":"2022-04-27T06:31:00+00:00","breadcrumb":{"@id":"https:\/\/salinomycin.pl\/?page_id=43#breadcrumb"},"inLanguage":"pl-PL","potentialAction":[{"@type":"ReadAction","target":["https:\/\/salinomycin.pl\/?page_id=43"]}]},{"@type":"BreadcrumbList","@id":"https:\/\/salinomycin.pl\/?page_id=43#breadcrumb","itemListElement":[{"@type":"ListItem","position":1,"name":"Strona g\u0142\u00f3wna","item":"https:\/\/salinomycin.pl\/"},{"@type":"ListItem","position":2,"name":"Patenty"}]},{"@type":"WebSite","@id":"https:\/\/salinomycin.pl\/#website","url":"https:\/\/salinomycin.pl\/","name":"Salinomycin","description":"Strona informacyjna dotycz\u0105ca salinomycyny","potentialAction":[{"@type":"SearchAction","target":{"@type":"EntryPoint","urlTemplate":"https:\/\/salinomycin.pl\/?s={search_term_string}"},"query-input":"required name=search_term_string"}],"inLanguage":"pl-PL"}]}},"_links":{"self":[{"href":"https:\/\/salinomycin.pl\/index.php?rest_route=\/wp\/v2\/pages\/43","targetHints":{"allow":["GET"]}}],"collection":[{"href":"https:\/\/salinomycin.pl\/index.php?rest_route=\/wp\/v2\/pages"}],"about":[{"href":"https:\/\/salinomycin.pl\/index.php?rest_route=\/wp\/v2\/types\/page"}],"author":[{"embeddable":true,"href":"https:\/\/salinomycin.pl\/index.php?rest_route=\/wp\/v2\/users\/1"}],"replies":[{"embeddable":true,"href":"https:\/\/salinomycin.pl\/index.php?rest_route=%2Fwp%2Fv2%2Fcomments&post=43"}],"version-history":[{"count":14,"href":"https:\/\/salinomycin.pl\/index.php?rest_route=\/wp\/v2\/pages\/43\/revisions"}],"predecessor-version":[{"id":630,"href":"https:\/\/salinomycin.pl\/index.php?rest_route=\/wp\/v2\/pages\/43\/revisions\/630"}],"wp:attachment":[{"href":"https:\/\/salinomycin.pl\/index.php?rest_route=%2Fwp%2Fv2%2Fmedia&parent=43"}],"curies":[{"name":"wp","href":"https:\/\/api.w.org\/{rel}","templated":true}]}}