{"id":54,"date":"2021-09-01T23:42:40","date_gmt":"2021-09-01T21:42:40","guid":{"rendered":"http:\/\/salinomycin.pl\/?page_id=54"},"modified":"2022-04-20T08:00:32","modified_gmt":"2022-04-20T06:00:32","slug":"dzialanie-przeciwpierwotniakowe","status":"publish","type":"page","link":"https:\/\/salinomycin.pl\/?page_id=54","title":{"rendered":"Dzia\u0142anie przeciwpierwotniakowe"},"content":{"rendered":"<p>[et_pb_section fb_built=&#8221;1&#8243; admin_label=&#8221;Services&#8221; _builder_version=&#8221;4.17.0&#8243; _module_preset=&#8221;4f71cc75-5c84-4d61-89a4-8d2644905af5&#8243; background_color=&#8221;#edeffa&#8221; custom_padding=&#8221;51px||9px|||&#8221; locked=&#8221;off&#8221; global_colors_info=&#8221;{}&#8221;][et_pb_row _builder_version=&#8221;4.16&#8243; custom_margin=&#8221;-46px|auto|2px|auto||&#8221; custom_padding=&#8221;||6px|||&#8221; global_colors_info=&#8221;{}&#8221;][et_pb_column type=&#8221;4_4&#8243; _builder_version=&#8221;4.16&#8243; custom_padding=&#8221;|||&#8221; global_colors_info=&#8221;{}&#8221; custom_padding__hover=&#8221;|||&#8221;][et_pb_text _builder_version=&#8221;4.17.0&#8243; text_font=&#8221;Montserrat||||||||&#8221; text_font_size=&#8221;16px&#8221; text_line_height=&#8221;1.8em&#8221; link_font=&#8221;Montserrat|700|||||||&#8221; link_text_color=&#8221;#fa546d&#8221; link_font_size=&#8221;22px&#8221; link_line_height=&#8221;1.5em&#8221; header_font=&#8221;||||||||&#8221; header_2_font=&#8221;Montserrat|700|||||||&#8221; header_2_font_size=&#8221;40px&#8221; header_2_line_height=&#8221;1.4em&#8221; header_6_font=&#8221;Montserrat|600||on|||||&#8221; header_6_text_color=&#8221;#ffb342&#8243; header_6_font_size=&#8221;16px&#8221; header_6_letter_spacing=&#8221;2px&#8221; header_6_line_height=&#8221;1.5em&#8221; text_orientation=&#8221;center&#8221; max_width=&#8221;700px&#8221; max_width_last_edited=&#8221;off|desktop&#8221; module_alignment=&#8221;center&#8221; custom_margin=&#8221;|||&#8221; custom_padding=&#8221;12px||11px|||&#8221; header_2_font_size_tablet=&#8221;&#8221; header_2_font_size_phone=&#8221;24px&#8221; header_2_font_size_last_edited=&#8221;on|phone&#8221; global_colors_info=&#8221;{}&#8221;]<\/p>\n<h2>Dzia\u0142anie przeciwpierwotniakowe<\/h2>\n<p><span style=\"color: #333333;\">Salinomycyna wykazuje aktywno\u015b\u0107 przeciw Trypansoma Brucei (\u015awidrowiec nagany).<\/span><\/p>\n<p><span style=\"font-size: small;\">\u00a0<\/span><\/p>\n<p>[\/et_pb_text][\/et_pb_column][\/et_pb_row][\/et_pb_section][et_pb_section fb_built=&#8221;1&#8243; _builder_version=&#8221;4.16&#8243; _module_preset=&#8221;default&#8221; use_background_color_gradient=&#8221;off&#8221; min_height=&#8221;262.6px&#8221; custom_padding=&#8221;32px||75px|||&#8221; global_colors_info=&#8221;{}&#8221;][et_pb_row _builder_version=&#8221;4.16&#8243; _module_preset=&#8221;default&#8221; custom_padding=&#8221;0px|||||&#8221; global_colors_info=&#8221;{}&#8221;][et_pb_column type=&#8221;4_4&#8243; _builder_version=&#8221;4.16&#8243; _module_preset=&#8221;default&#8221; global_colors_info=&#8221;{}&#8221;][et_pb_text _builder_version=&#8221;4.17.0&#8243; _module_preset=&#8221;default&#8221; custom_padding=&#8221;58px|||||&#8221; global_colors_info=&#8221;{}&#8221;]<\/p>\n<p style=\"text-align: center;\"><span style=\"font-size: small; color: #333333;\">Salinomycyna mo\u017ce by\u0107 skutecznym lekiem przeciw Trypansoma brucei, kt\u00f3ry u zwi\u0119rz\u0105t wywo\u0142uje chorob\u0119 nagana. Jest to choroba, kt\u00f3ra wyst\u0119puje zar\u00f3wno u zwierz\u0105t domowych jak i dzikich w Afryce r\u00f3wnikowej. Choroba ta jest przenoszona przez muchy tse-tse.<\/span><\/p>\n<p>[\/et_pb_text][\/et_pb_column][\/et_pb_row][et_pb_row _builder_version=&#8221;4.17.0&#8243; _module_preset=&#8221;default&#8221; custom_padding=&#8221;16px|||||&#8221; global_colors_info=&#8221;{}&#8221;][et_pb_column type=&#8221;4_4&#8243; _builder_version=&#8221;4.17.0&#8243; _module_preset=&#8221;default&#8221; global_colors_info=&#8221;{}&#8221;][et_pb_text _builder_version=&#8221;4.17.0&#8243; _module_preset=&#8221;default&#8221; custom_margin=&#8221;3px|||||&#8221; custom_padding=&#8221;||0px|||&#8221; global_colors_info=&#8221;{}&#8221;]<\/p>\n<h2 style=\"text-align: center;\"><strong>\u0179r\u00f3d\u0142a :<\/strong><\/h2>\n<p>[\/et_pb_text][\/et_pb_column][\/et_pb_row][et_pb_row column_structure=&#8221;1_4,1_2,1_4&#8243; _builder_version=&#8221;4.17.0&#8243; _module_preset=&#8221;default&#8221; width=&#8221;60%&#8221; width_tablet=&#8221;60%&#8221; width_phone=&#8221;95%&#8221; width_last_edited=&#8221;on|desktop&#8221; max_width=&#8221;1200px&#8221; custom_margin=&#8221;0px|auto|0px|auto|false|false&#8221; custom_padding=&#8221;0px||0px||false|false&#8221; global_colors_info=&#8221;{}&#8221;][et_pb_column type=&#8221;1_4&#8243; _builder_version=&#8221;4.17.0&#8243; _module_preset=&#8221;default&#8221; global_colors_info=&#8221;{}&#8221;][et_pb_icon font_icon=&#8221;&#x69;||divi||400&#8243; icon_color=&#8221;#0C71C3&#8243; icon_width=&#8221;75px&#8221; _builder_version=&#8221;4.17.1&#8243; _module_preset=&#8221;default&#8221; custom_margin=&#8221;5px|0px|||false|false&#8221; custom_padding=&#8221;0px|||||&#8221; global_colors_info=&#8221;{}&#8221;][\/et_pb_icon][\/et_pb_column][et_pb_column type=&#8221;1_2&#8243; _builder_version=&#8221;4.17.0&#8243; _module_preset=&#8221;default&#8221; global_colors_info=&#8221;{}&#8221;][et_pb_text _builder_version=&#8221;4.17.0&#8243; _module_preset=&#8221;default&#8221; text_font=&#8221;Montserrat||||||||&#8221; text_font_size=&#8221;16px&#8221; text_line_height=&#8221;1.8em&#8221; link_font=&#8221;Montserrat|700|||||||&#8221; link_text_color=&#8221;#fa546d&#8221; link_font_size=&#8221;22px&#8221; link_line_height=&#8221;1.5em&#8221; header_font=&#8221;||||||||&#8221; header_2_font=&#8221;Montserrat|700|||||||&#8221; header_2_font_size=&#8221;40px&#8221; header_2_line_height=&#8221;1.4em&#8221; header_6_font=&#8221;Montserrat|600||on|||||&#8221; header_6_text_color=&#8221;#ffb342&#8243; header_6_font_size=&#8221;16px&#8221; header_6_letter_spacing=&#8221;2px&#8221; header_6_line_height=&#8221;1.5em&#8221; text_orientation=&#8221;center&#8221; max_width=&#8221;1050%&#8221; max_width_last_edited=&#8221;off|desktop&#8221; module_alignment=&#8221;center&#8221; min_height=&#8221;29px&#8221; custom_margin=&#8221;35px||-5px|||&#8221; custom_padding=&#8221;||0px|||&#8221; header_2_font_size_tablet=&#8221;&#8221; header_2_font_size_phone=&#8221;24px&#8221; header_2_font_size_last_edited=&#8221;on|phone&#8221; global_colors_info=&#8221;{}&#8221;]<\/p>\n<h5 style=\"text-align: center;\"><strong><span style=\"color: #333333;\">2016 Parasites and vectors<\/span><\/strong><br \/><strong><\/strong><\/h5>\n<p>[\/et_pb_text][\/et_pb_column][et_pb_column type=&#8221;1_4&#8243; _builder_version=&#8221;4.17.0&#8243; _module_preset=&#8221;default&#8221; global_colors_info=&#8221;{}&#8221;][et_pb_button button_url=&#8221;http:\/\/salinomycin.pl\/wp-content\/uploads\/2022\/04\/2016-Parasites-and-vectors.pdf&#8221; url_new_window=&#8221;on&#8221; button_text=&#8221;Otw\u00f3rz&#8221; button_alignment=&#8221;center&#8221; _builder_version=&#8221;4.17.1&#8243; _module_preset=&#8221;default&#8221; custom_button=&#8221;on&#8221; button_text_color=&#8221;#0C71C3&#8243; custom_margin=&#8221;15px||||false|false&#8221; custom_padding=&#8221;5px|||||&#8221; global_colors_info=&#8221;{}&#8221;][\/et_pb_button][\/et_pb_column][\/et_pb_row][\/et_pb_section]<\/p>\n","protected":false},"excerpt":{"rendered":"<p>Dzia\u0142anie przeciwpierwotniakowe Salinomycyna wykazuje aktywno\u015b\u0107 przeciw Trypansoma Brucei (\u015awidrowiec nagany). \u00a0Salinomycyna mo\u017ce by\u0107 skutecznym lekiem przeciw Trypansoma brucei, kt\u00f3ry u zwi\u0119rz\u0105t wywo\u0142uje chorob\u0119 nagana. Jest to choroba, kt\u00f3ra wyst\u0119puje zar\u00f3wno u zwierz\u0105t domowych jak i dzikich w Afryce r\u00f3wnikowej. Choroba ta jest przenoszona przez muchy tse-tse.\u0179r\u00f3d\u0142a :2016 Parasites and vectors<\/p>\n","protected":false},"author":1,"featured_media":0,"parent":0,"menu_order":0,"comment_status":"closed","ping_status":"closed","template":"","meta":{"_et_pb_use_builder":"on","_et_pb_old_content":"<!-- wp:divi\/placeholder \/-->","_et_gb_content_width":"","footnotes":""},"class_list":["post-54","page","type-page","status-publish","hentry"],"yoast_head":"<!-- This site is optimized with the Yoast SEO plugin v19.11 - https:\/\/yoast.com\/wordpress\/plugins\/seo\/ -->\n<title>Dzia\u0142anie przeciwpierwotniakowe - Salinomycin<\/title>\n<meta name=\"robots\" content=\"index, follow, max-snippet:-1, max-image-preview:large, max-video-preview:-1\" \/>\n<link rel=\"canonical\" href=\"https:\/\/salinomycin.pl\/?page_id=54\" \/>\n<meta property=\"og:locale\" content=\"pl_PL\" \/>\n<meta property=\"og:type\" content=\"article\" \/>\n<meta property=\"og:title\" content=\"Dzia\u0142anie przeciwpierwotniakowe - Salinomycin\" \/>\n<meta property=\"og:description\" content=\"Dzia\u0142anie przeciwpierwotniakowe Salinomycyna wykazuje aktywno\u015b\u0107 przeciw Trypansoma Brucei (\u015awidrowiec nagany). \u00a0Salinomycyna mo\u017ce by\u0107 skutecznym lekiem przeciw Trypansoma brucei, kt\u00f3ry u zwi\u0119rz\u0105t wywo\u0142uje chorob\u0119 nagana. Jest to choroba, kt\u00f3ra wyst\u0119puje zar\u00f3wno u zwierz\u0105t domowych jak i dzikich w Afryce r\u00f3wnikowej. Choroba ta jest przenoszona przez muchy tse-tse.\u0179r\u00f3d\u0142a :2016 Parasites and vectors\" \/>\n<meta property=\"og:url\" content=\"https:\/\/salinomycin.pl\/?page_id=54\" \/>\n<meta property=\"og:site_name\" content=\"Salinomycin\" \/>\n<meta property=\"article:modified_time\" content=\"2022-04-20T06:00:32+00:00\" \/>\n<meta name=\"twitter:card\" content=\"summary_large_image\" \/>\n<meta name=\"twitter:label1\" content=\"Szacowany czas czytania\" \/>\n\t<meta name=\"twitter:data1\" content=\"3 minuty\" \/>\n<script type=\"application\/ld+json\" class=\"yoast-schema-graph\">{\"@context\":\"https:\/\/schema.org\",\"@graph\":[{\"@type\":\"WebPage\",\"@id\":\"https:\/\/salinomycin.pl\/?page_id=54\",\"url\":\"https:\/\/salinomycin.pl\/?page_id=54\",\"name\":\"Dzia\u0142anie przeciwpierwotniakowe - Salinomycin\",\"isPartOf\":{\"@id\":\"https:\/\/salinomycin.pl\/#website\"},\"datePublished\":\"2021-09-01T21:42:40+00:00\",\"dateModified\":\"2022-04-20T06:00:32+00:00\",\"breadcrumb\":{\"@id\":\"https:\/\/salinomycin.pl\/?page_id=54#breadcrumb\"},\"inLanguage\":\"pl-PL\",\"potentialAction\":[{\"@type\":\"ReadAction\",\"target\":[\"https:\/\/salinomycin.pl\/?page_id=54\"]}]},{\"@type\":\"BreadcrumbList\",\"@id\":\"https:\/\/salinomycin.pl\/?page_id=54#breadcrumb\",\"itemListElement\":[{\"@type\":\"ListItem\",\"position\":1,\"name\":\"Strona g\u0142\u00f3wna\",\"item\":\"https:\/\/salinomycin.pl\/\"},{\"@type\":\"ListItem\",\"position\":2,\"name\":\"Dzia\u0142anie przeciwpierwotniakowe\"}]},{\"@type\":\"WebSite\",\"@id\":\"https:\/\/salinomycin.pl\/#website\",\"url\":\"https:\/\/salinomycin.pl\/\",\"name\":\"Salinomycin\",\"description\":\"Strona informacyjna dotycz\u0105ca salinomycyny\",\"potentialAction\":[{\"@type\":\"SearchAction\",\"target\":{\"@type\":\"EntryPoint\",\"urlTemplate\":\"https:\/\/salinomycin.pl\/?s={search_term_string}\"},\"query-input\":\"required name=search_term_string\"}],\"inLanguage\":\"pl-PL\"}]}<\/script>\n<!-- \/ Yoast SEO plugin. -->","yoast_head_json":{"title":"Dzia\u0142anie przeciwpierwotniakowe - Salinomycin","robots":{"index":"index","follow":"follow","max-snippet":"max-snippet:-1","max-image-preview":"max-image-preview:large","max-video-preview":"max-video-preview:-1"},"canonical":"https:\/\/salinomycin.pl\/?page_id=54","og_locale":"pl_PL","og_type":"article","og_title":"Dzia\u0142anie przeciwpierwotniakowe - Salinomycin","og_description":"Dzia\u0142anie przeciwpierwotniakowe Salinomycyna wykazuje aktywno\u015b\u0107 przeciw Trypansoma Brucei (\u015awidrowiec nagany). \u00a0Salinomycyna mo\u017ce by\u0107 skutecznym lekiem przeciw Trypansoma brucei, kt\u00f3ry u zwi\u0119rz\u0105t wywo\u0142uje chorob\u0119 nagana. Jest to choroba, kt\u00f3ra wyst\u0119puje zar\u00f3wno u zwierz\u0105t domowych jak i dzikich w Afryce r\u00f3wnikowej. Choroba ta jest przenoszona przez muchy tse-tse.\u0179r\u00f3d\u0142a :2016 Parasites and vectors","og_url":"https:\/\/salinomycin.pl\/?page_id=54","og_site_name":"Salinomycin","article_modified_time":"2022-04-20T06:00:32+00:00","twitter_card":"summary_large_image","twitter_misc":{"Szacowany czas czytania":"3 minuty"},"schema":{"@context":"https:\/\/schema.org","@graph":[{"@type":"WebPage","@id":"https:\/\/salinomycin.pl\/?page_id=54","url":"https:\/\/salinomycin.pl\/?page_id=54","name":"Dzia\u0142anie przeciwpierwotniakowe - Salinomycin","isPartOf":{"@id":"https:\/\/salinomycin.pl\/#website"},"datePublished":"2021-09-01T21:42:40+00:00","dateModified":"2022-04-20T06:00:32+00:00","breadcrumb":{"@id":"https:\/\/salinomycin.pl\/?page_id=54#breadcrumb"},"inLanguage":"pl-PL","potentialAction":[{"@type":"ReadAction","target":["https:\/\/salinomycin.pl\/?page_id=54"]}]},{"@type":"BreadcrumbList","@id":"https:\/\/salinomycin.pl\/?page_id=54#breadcrumb","itemListElement":[{"@type":"ListItem","position":1,"name":"Strona g\u0142\u00f3wna","item":"https:\/\/salinomycin.pl\/"},{"@type":"ListItem","position":2,"name":"Dzia\u0142anie przeciwpierwotniakowe"}]},{"@type":"WebSite","@id":"https:\/\/salinomycin.pl\/#website","url":"https:\/\/salinomycin.pl\/","name":"Salinomycin","description":"Strona informacyjna dotycz\u0105ca salinomycyny","potentialAction":[{"@type":"SearchAction","target":{"@type":"EntryPoint","urlTemplate":"https:\/\/salinomycin.pl\/?s={search_term_string}"},"query-input":"required name=search_term_string"}],"inLanguage":"pl-PL"}]}},"_links":{"self":[{"href":"https:\/\/salinomycin.pl\/index.php?rest_route=\/wp\/v2\/pages\/54","targetHints":{"allow":["GET"]}}],"collection":[{"href":"https:\/\/salinomycin.pl\/index.php?rest_route=\/wp\/v2\/pages"}],"about":[{"href":"https:\/\/salinomycin.pl\/index.php?rest_route=\/wp\/v2\/types\/page"}],"author":[{"embeddable":true,"href":"https:\/\/salinomycin.pl\/index.php?rest_route=\/wp\/v2\/users\/1"}],"replies":[{"embeddable":true,"href":"https:\/\/salinomycin.pl\/index.php?rest_route=%2Fwp%2Fv2%2Fcomments&post=54"}],"version-history":[{"count":18,"href":"https:\/\/salinomycin.pl\/index.php?rest_route=\/wp\/v2\/pages\/54\/revisions"}],"predecessor-version":[{"id":786,"href":"https:\/\/salinomycin.pl\/index.php?rest_route=\/wp\/v2\/pages\/54\/revisions\/786"}],"wp:attachment":[{"href":"https:\/\/salinomycin.pl\/index.php?rest_route=%2Fwp%2Fv2%2Fmedia&parent=54"}],"curies":[{"name":"wp","href":"https:\/\/api.w.org\/{rel}","templated":true}]}}